{"id":2254,"date":"2023-03-08T13:11:37","date_gmt":"2023-03-08T12:11:37","guid":{"rendered":"https:\/\/unionsyndicale.eu\/publications\/"},"modified":"2023-09-11T07:46:47","modified_gmt":"2023-09-11T06:46:47","slug":"publications","status":"publish","type":"page","link":"https:\/\/unionsyndicale.eu\/en\/publications\/","title":{"rendered":"Publications"},"content":{"rendered":"<section class=\"l-section wpb_row heroheader height_huge\"><div class=\"l-section-overlay\" style=\"background:rgba(51,51,51,0.60)\"><\/div><div class=\"l-section-h i-cf\"><div class=\"g-cols vc_row via_flex valign_top type_default stacking_default\"><div class=\"vc_col-sm-8 vc_col-lg-6 vc_col-md-6 vc_col-xs-12 wpb_column vc_column_container\"><div class=\"vc_column-inner\"><div class=\"wpb_wrapper\"><div class=\"w-iconbox us_custom_a30d2162 has_text_color iconpos_left style_default color_contrast align_left no_text\"><div class=\"w-iconbox-icon\" style=\"font-size:2rem;\"><i class=\"fas fa-horizontal-rule\"><\/i><\/div><div class=\"w-iconbox-meta\"><p class=\"w-iconbox-title\">PUBLICATIONS<\/p><\/div><\/div><h1 class=\"w-post-elm post_custom_field us_custom_79b492fa has_text_color type_text header_title color_link_inherit\"><span class=\"w-post-elm-value\">DISCOVER OUR \r\nPUBLICATIONS<\/span><\/h1><p class=\"w-post-elm post_custom_field us_custom_1ff6a772 has_text_color type_text header_text color_link_inherit\"><span class=\"w-post-elm-value\">We communicate and share important information between the member organizations of our federation.<\/span><\/p><div class=\"w-separator size_small\"><\/div><div class=\"w-iconbox us_custom_ea76afbe introlink iconpos_top style_default color_custom align_left no_text no_title\"><a href=\"#intro\" class=\"w-iconbox-link\" aria-label=\"fas|arrow-down\"><div class=\"w-iconbox-icon\" style=\"font-size:2rem;--icon-color:#ffffff;\"><i class=\"fas fa-arrow-down\"><\/i><\/div><\/a><div class=\"w-iconbox-meta\"><\/div><\/div><\/div><\/div><\/div><div class=\"vc_col-sm-4 vc_col-lg-6 vc_col-md-6 vc_col-xs-12 wpb_column vc_column_container\"><div class=\"vc_column-inner\"><div class=\"wpb_wrapper\"><\/div><\/div><\/div><\/div><\/div><\/section><section class=\"l-section wpb_row height_auto\" id=\"intro\"><div class=\"l-section-h i-cf\"><div class=\"g-cols vc_row via_flex valign_top type_default stacking_default\"><div class=\"vc_col-sm-12 wpb_column vc_column_container\"><div class=\"vc_column-inner\"><div class=\"wpb_wrapper\"><\/div><\/div><\/div><\/div><\/div><\/section>\n<section class=\"l-section wpb_row height_medium\"><div class=\"l-section-h i-cf\"><div class=\"g-cols vc_row via_flex valign_top type_default stacking_default\"><div class=\"vc_col-sm-4 wpb_column vc_column_container\"><div class=\"vc_column-inner\"><div class=\"wpb_wrapper\"><div class=\"wpb_text_column\"><div class=\"wpb_wrapper\"><h2>AGORA MAGAZINE<\/h2>\n<\/div><\/div><div class=\"w-separator size_small\"><\/div><div class=\"wpb_text_column\"><div class=\"wpb_wrapper\"><p>The magazine of the European<br \/>\nand International Public Service.<\/p>\n<\/div><\/div><div class=\"w-separator size_small\"><\/div><div class=\"w-btn-wrapper align_none\"><a class=\"w-btn us-btn-style_1\" href=\"https:\/\/unionsyndicale.eu\/en\/publications\/agora\/\"><span class=\"w-btn-label\">Our Agora&#8217;s<\/span><\/a><\/div><\/div><\/div><\/div><div class=\"vc_col-sm-4 wpb_column vc_column_container\"><div class=\"vc_column-inner\"><div class=\"wpb_wrapper\"><div class=\"wpb_text_column\"><div class=\"wpb_wrapper\"><h2>STAFF MATTERS<\/h2>\n<\/div><\/div><div class=\"w-separator size_small\"><\/div><div class=\"wpb_text_column\"><div class=\"wpb_wrapper\"><p>Legal newsletter from<br \/>\nUnion Syndicale F\u00e9d\u00e9rale.<\/p>\n<\/div><\/div><div class=\"w-separator size_small\"><\/div><div class=\"w-btn-wrapper align_none\"><a class=\"w-btn us-btn-style_1\" href=\"https:\/\/unionsyndicale.eu\/en\/publications\/staff-matters\/\"><span class=\"w-btn-label\">Staff Matters<\/span><\/a><\/div><\/div><\/div><\/div><div class=\"vc_col-sm-4 wpb_column vc_column_container\"><div class=\"vc_column-inner\"><div class=\"wpb_wrapper\"><div class=\"wpb_text_column\"><div class=\"wpb_wrapper\"><h2>NEWSLETTER<\/h2>\n<\/div><\/div><div class=\"w-separator size_small\"><\/div><div class=\"wpb_text_column\"><div class=\"wpb_wrapper\"><p>A space for sharing information between Union Syndicale F\u00e9d\u00e9rale member organizations<\/p>\n<\/div><\/div><div class=\"w-separator size_small\"><\/div><div class=\"w-btn-wrapper align_none\"><a class=\"w-btn us-btn-style_1\" href=\"https:\/\/unionsyndicale.eu\/en\/publications\/newsletter\/\"><span class=\"w-btn-label\">Newsletter<\/span><\/a><\/div><\/div><\/div><\/div><\/div><\/div><\/section>\n","protected":false},"excerpt":{"rendered":"PUBLICATIONSDISCOVER OUR PUBLICATIONSWe communicate and share important information between the member organizations of our federation. AGORA MAGAZINE The magazine of the European and International Public Service. Our Agora&#8217;sSTAFF MATTERS Legal newsletter from Union Syndicale F\u00e9d\u00e9rale. Staff MattersNEWSLETTER A space for sharing information between Union Syndicale F\u00e9d\u00e9rale member organizations Newsletter","protected":false},"author":1,"featured_media":0,"parent":0,"menu_order":9,"comment_status":"closed","ping_status":"closed","template":"","meta":{"_acf_changed":false,"footnotes":""},"class_list":["post-2254","page","type-page","status-publish","hentry"],"acf":[],"yoast_head":"<!-- This site is optimized with the Yoast SEO plugin v27.3 - https:\/\/yoast.com\/product\/yoast-seo-wordpress\/ -->\n<title>Publications - Union Syndicale<\/title>\n<meta name=\"description\" content=\"D\u00e9couvrez dans nos publications des analyses approfondies, des rapports et des \u00e9tudes pertinents sur les enjeux syndicaux actuels.\" \/>\n<meta name=\"robots\" content=\"index, follow, max-snippet:-1, max-image-preview:large, max-video-preview:-1\" \/>\n<link rel=\"canonical\" href=\"https:\/\/unionsyndicale.eu\/en\/publications\/\" \/>\n<meta property=\"og:locale\" content=\"en_US\" \/>\n<meta property=\"og:type\" content=\"article\" \/>\n<meta property=\"og:title\" content=\"Publications - Union Syndicale\" \/>\n<meta property=\"og:description\" content=\"D\u00e9couvrez dans nos publications des analyses approfondies, des rapports et des \u00e9tudes pertinents sur les enjeux syndicaux actuels.\" \/>\n<meta property=\"og:url\" content=\"https:\/\/unionsyndicale.eu\/en\/publications\/\" \/>\n<meta property=\"og:site_name\" content=\"Union Syndicale\" \/>\n<meta property=\"article:modified_time\" content=\"2023-09-11T06:46:47+00:00\" \/>\n<meta name=\"twitter:card\" content=\"summary_large_image\" \/>\n<meta name=\"twitter:label1\" content=\"Est. reading time\" \/>\n\t<meta name=\"twitter:data1\" content=\"1 minute\" \/>\n<script type=\"application\/ld+json\" class=\"yoast-schema-graph\">{\"@context\":\"https:\\\/\\\/schema.org\",\"@graph\":[{\"@type\":\"WebPage\",\"@id\":\"https:\\\/\\\/unionsyndicale.eu\\\/en\\\/publications\\\/\",\"url\":\"https:\\\/\\\/unionsyndicale.eu\\\/en\\\/publications\\\/\",\"name\":\"Publications - Union Syndicale\",\"isPartOf\":{\"@id\":\"https:\\\/\\\/unionsyndicale.eu\\\/en\\\/#website\"},\"datePublished\":\"2023-03-08T12:11:37+00:00\",\"dateModified\":\"2023-09-11T06:46:47+00:00\",\"description\":\"D\u00e9couvrez dans nos publications des analyses approfondies, des rapports et des \u00e9tudes pertinents sur les enjeux syndicaux actuels.\",\"breadcrumb\":{\"@id\":\"https:\\\/\\\/unionsyndicale.eu\\\/en\\\/publications\\\/#breadcrumb\"},\"inLanguage\":\"en-US\",\"potentialAction\":[{\"@type\":\"ReadAction\",\"target\":[\"https:\\\/\\\/unionsyndicale.eu\\\/en\\\/publications\\\/\"]}]},{\"@type\":\"BreadcrumbList\",\"@id\":\"https:\\\/\\\/unionsyndicale.eu\\\/en\\\/publications\\\/#breadcrumb\",\"itemListElement\":[{\"@type\":\"ListItem\",\"position\":1,\"name\":\"Home\",\"item\":\"https:\\\/\\\/unionsyndicale.eu\\\/en\\\/\"},{\"@type\":\"ListItem\",\"position\":2,\"name\":\"Publications\"}]},{\"@type\":\"WebSite\",\"@id\":\"https:\\\/\\\/unionsyndicale.eu\\\/en\\\/#website\",\"url\":\"https:\\\/\\\/unionsyndicale.eu\\\/en\\\/\",\"name\":\"Union Syndicale\",\"description\":\"\",\"potentialAction\":[{\"@type\":\"SearchAction\",\"target\":{\"@type\":\"EntryPoint\",\"urlTemplate\":\"https:\\\/\\\/unionsyndicale.eu\\\/en\\\/?s={search_term_string}\"},\"query-input\":{\"@type\":\"PropertyValueSpecification\",\"valueRequired\":true,\"valueName\":\"search_term_string\"}}],\"inLanguage\":\"en-US\"}]}<\/script>\n<!-- \/ Yoast SEO plugin. -->","yoast_head_json":{"title":"Publications - Union Syndicale","description":"D\u00e9couvrez dans nos publications des analyses approfondies, des rapports et des \u00e9tudes pertinents sur les enjeux syndicaux actuels.","robots":{"index":"index","follow":"follow","max-snippet":"max-snippet:-1","max-image-preview":"max-image-preview:large","max-video-preview":"max-video-preview:-1"},"canonical":"https:\/\/unionsyndicale.eu\/en\/publications\/","og_locale":"en_US","og_type":"article","og_title":"Publications - Union Syndicale","og_description":"D\u00e9couvrez dans nos publications des analyses approfondies, des rapports et des \u00e9tudes pertinents sur les enjeux syndicaux actuels.","og_url":"https:\/\/unionsyndicale.eu\/en\/publications\/","og_site_name":"Union Syndicale","article_modified_time":"2023-09-11T06:46:47+00:00","twitter_card":"summary_large_image","twitter_misc":{"Est. reading time":"1 minute"},"schema":{"@context":"https:\/\/schema.org","@graph":[{"@type":"WebPage","@id":"https:\/\/unionsyndicale.eu\/en\/publications\/","url":"https:\/\/unionsyndicale.eu\/en\/publications\/","name":"Publications - Union Syndicale","isPartOf":{"@id":"https:\/\/unionsyndicale.eu\/en\/#website"},"datePublished":"2023-03-08T12:11:37+00:00","dateModified":"2023-09-11T06:46:47+00:00","description":"D\u00e9couvrez dans nos publications des analyses approfondies, des rapports et des \u00e9tudes pertinents sur les enjeux syndicaux actuels.","breadcrumb":{"@id":"https:\/\/unionsyndicale.eu\/en\/publications\/#breadcrumb"},"inLanguage":"en-US","potentialAction":[{"@type":"ReadAction","target":["https:\/\/unionsyndicale.eu\/en\/publications\/"]}]},{"@type":"BreadcrumbList","@id":"https:\/\/unionsyndicale.eu\/en\/publications\/#breadcrumb","itemListElement":[{"@type":"ListItem","position":1,"name":"Home","item":"https:\/\/unionsyndicale.eu\/en\/"},{"@type":"ListItem","position":2,"name":"Publications"}]},{"@type":"WebSite","@id":"https:\/\/unionsyndicale.eu\/en\/#website","url":"https:\/\/unionsyndicale.eu\/en\/","name":"Union Syndicale","description":"","potentialAction":[{"@type":"SearchAction","target":{"@type":"EntryPoint","urlTemplate":"https:\/\/unionsyndicale.eu\/en\/?s={search_term_string}"},"query-input":{"@type":"PropertyValueSpecification","valueRequired":true,"valueName":"search_term_string"}}],"inLanguage":"en-US"}]}},"_links":{"self":[{"href":"https:\/\/unionsyndicale.eu\/en\/wp-json\/wp\/v2\/pages\/2254","targetHints":{"allow":["GET"]}}],"collection":[{"href":"https:\/\/unionsyndicale.eu\/en\/wp-json\/wp\/v2\/pages"}],"about":[{"href":"https:\/\/unionsyndicale.eu\/en\/wp-json\/wp\/v2\/types\/page"}],"author":[{"embeddable":true,"href":"https:\/\/unionsyndicale.eu\/en\/wp-json\/wp\/v2\/users\/1"}],"replies":[{"embeddable":true,"href":"https:\/\/unionsyndicale.eu\/en\/wp-json\/wp\/v2\/comments?post=2254"}],"version-history":[{"count":5,"href":"https:\/\/unionsyndicale.eu\/en\/wp-json\/wp\/v2\/pages\/2254\/revisions"}],"predecessor-version":[{"id":4407,"href":"https:\/\/unionsyndicale.eu\/en\/wp-json\/wp\/v2\/pages\/2254\/revisions\/4407"}],"wp:attachment":[{"href":"https:\/\/unionsyndicale.eu\/en\/wp-json\/wp\/v2\/media?parent=2254"}],"curies":[{"name":"wp","href":"https:\/\/api.w.org\/{rel}","templated":true}]}}